{"id":2464,"date":"2015-04-20T16:36:52","date_gmt":"2015-04-20T16:36:52","guid":{"rendered":"\/?page_id=2464"},"modified":"2026-02-09T18:21:10","modified_gmt":"2026-02-09T17:21:10","slug":"labor-cientifica-e-investigacion","status":"publish","type":"page","link":"https:\/\/fundacioncajaruraldelsur.com\/pt\/labor-cientifica-e-investigacion\/","title":{"rendered":"Trabalho Cient\u00edfico e Investiga\u00e7\u00e3o"},"content":{"rendered":"<div class=\"wpb-content-wrapper\"><div class=\"vc_row wpb_row vc_row-fluid\"><div class=\"wpb_column vc_column_container vc_col-sm-12\"><div class=\"vc_column-inner\"><div class=\"wpb_wrapper\">\n\t<div  class=\"wpb_single_image wpb_content_element vc_align_left wpb_content_element\">\n\t\t\n\t\t<figure class=\"wpb_wrapper vc_figure\">\n\t\t\t<div class=\"vc_single_image-wrapper   vc_box_border_grey\"><img loading=\"lazy\" decoding=\"async\" width=\"1500\" height=\"640\" src=\"https:\/\/fundacioncajaruraldelsur.com\/wp-content\/uploads\/2026\/02\/FCRSUR_Web_Portugues_AF_Cientifica.jpg\" class=\"vc_single_image-img attachment-full\" alt=\"\" title=\"FCRSUR_Web_Portugues_AF_Cientifica\" srcset=\"https:\/\/fundacioncajaruraldelsur.com\/wp-content\/uploads\/2026\/02\/FCRSUR_Web_Portugues_AF_Cientifica.jpg 1500w, https:\/\/fundacioncajaruraldelsur.com\/wp-content\/uploads\/2026\/02\/FCRSUR_Web_Portugues_AF_Cientifica-300x128.jpg 300w, https:\/\/fundacioncajaruraldelsur.com\/wp-content\/uploads\/2026\/02\/FCRSUR_Web_Portugues_AF_Cientifica-1024x437.jpg 1024w, https:\/\/fundacioncajaruraldelsur.com\/wp-content\/uploads\/2026\/02\/FCRSUR_Web_Portugues_AF_Cientifica-768x328.jpg 768w, https:\/\/fundacioncajaruraldelsur.com\/wp-content\/uploads\/2026\/02\/FCRSUR_Web_Portugues_AF_Cientifica-18x8.jpg 18w\" sizes=\"auto, (max-width: 1500px) 100vw, 1500px\" \/><\/div>\n\t\t<\/figure>\n\t<\/div>\n\n\t<div class=\"wpb_text_column wpb_content_element\" >\n\t\t<div class=\"wpb_wrapper\">\n\t\t\t<p>A <strong>Funda\u00e7\u00e3o Caja Rural<\/strong> quer por iniciativa pr\u00f3pria ou em colabora\u00e7\u00e3o com as Universidades, atrav\u00e9s da assinatura dos respetivos acordos institucionais, proceder\u00e1 \u00e0 convoca\u00e7\u00e3o pontual de uma completa e variada s\u00e9rie de a\u00e7\u00f5es entre as quais se devem destacar:<\/p>\n<p><strong>Apoio financeiro<\/strong> a grupos de pesquisa de excel\u00eancia em diversos campos da atividade cient\u00edfica (Nutri\u00e7\u00e3o e Diet\u00e9tica, Cooperativismo, Gest\u00e3o Ambiental, Agricultura Sustent\u00e1vel, Regadios, Investiga\u00e7\u00e3o Pecu\u00e1ria, Novas Fontes de Energia... etc.)<\/p>\n<p>Apoio financeiro<strong> congressos, semin\u00e1rios, jornadas cient\u00edficas e ciclos de confer\u00eancias.<\/strong><\/p>\n<p><strong>Pr\u00e9mios \u00e0 excel\u00eancia cient\u00edfica<\/strong>: projetos cient\u00edficos em I&amp;D&amp;I, patentes, teses de doutoramento, trajet\u00f3rias investigadoras, melhores processos acad\u00e9micos... etc.<\/p>\n<p><strong>Bolsas<\/strong> para prossecu\u00e7\u00e3o de estudos (p\u00f3s-graus, mestrados, cursos no estrangeiro, etc.)<\/p>\n\n\t\t<\/div>\n\t<\/div>\n<div class=\"vc_separator wpb_content_element vc_separator_align_center vc_sep_width_100 vc_sep_border_width_3 vc_sep_pos_align_center vc_separator_no_text wpb_content_element  wpb_content_element\" ><span class=\"vc_sep_holder vc_sep_holder_l\"><span style=\"border-color:#ADFB38;\" class=\"vc_sep_line\"><\/span><\/span><span class=\"vc_sep_holder vc_sep_holder_r\"><span style=\"border-color:#ADFB38;\" class=\"vc_sep_line\"><\/span><\/span>\n<\/div><\/div><\/div><\/div><\/div><div class=\"vc_row wpb_row vc_row-fluid vc_custom_1769762156747\"><div class=\"wpb_column vc_column_container vc_col-sm-3\"><div class=\"vc_column-inner\"><div class=\"wpb_wrapper\">\n\t<div  class=\"wpb_single_image wpb_content_element vc_align_center wpb_content_element wpb_animate_when_almost_visible wpb_appear appear\">\n\t\t\n\t\t<figure class=\"wpb_wrapper vc_figure\">\n\t\t\t<a href=\"\/pt\/labor-social\/\" target=\"_self\" class=\"vc_single_image-wrapper   vc_box_border_grey\"><img loading=\"lazy\" decoding=\"async\" width=\"709\" height=\"375\" src=\"https:\/\/fundacioncajaruraldelsur.com\/wp-content\/uploads\/2026\/01\/FCRSUR_Web_Compromiso-13.png\" class=\"vc_single_image-img attachment-full\" alt=\"\" title=\"FCRSUR_Web_Compromiso-13\" srcset=\"https:\/\/fundacioncajaruraldelsur.com\/wp-content\/uploads\/2026\/01\/FCRSUR_Web_Compromiso-13.png 709w, https:\/\/fundacioncajaruraldelsur.com\/wp-content\/uploads\/2026\/01\/FCRSUR_Web_Compromiso-13-300x159.png 300w, https:\/\/fundacioncajaruraldelsur.com\/wp-content\/uploads\/2026\/01\/FCRSUR_Web_Compromiso-13-18x10.png 18w\" sizes=\"auto, (max-width: 709px) 100vw, 709px\" \/><\/a>\n\t\t<\/figure>\n\t<\/div>\n\n\t<div class=\"wpb_text_column wpb_content_element wpb_animate_when_almost_visible wpb_appear appear\" >\n\t\t<div class=\"wpb_wrapper\">\n\t\t\t<h4 style=\"text-align: center;\">Trabalho Social<\/h4>\n\n\t\t<\/div>\n\t<\/div>\n<\/div><\/div><\/div><div class=\"wpb_column vc_column_container vc_col-sm-3\"><div class=\"vc_column-inner\"><div class=\"wpb_wrapper\">\n\t<div  class=\"wpb_single_image wpb_content_element vc_align_center wpb_content_element wpb_animate_when_almost_visible wpb_appear appear\">\n\t\t\n\t\t<figure class=\"wpb_wrapper vc_figure\">\n\t\t\t<a href=\"\/pt\/labor-cultural\/\" target=\"_self\" class=\"vc_single_image-wrapper   vc_box_border_grey\"><img loading=\"lazy\" decoding=\"async\" width=\"709\" height=\"375\" src=\"https:\/\/fundacioncajaruraldelsur.com\/wp-content\/uploads\/2026\/01\/FCRSUR_Web_Compromiso-12.png\" class=\"vc_single_image-img attachment-full\" alt=\"\" title=\"FCRSUR_Web_Compromiso-12\" srcset=\"https:\/\/fundacioncajaruraldelsur.com\/wp-content\/uploads\/2026\/01\/FCRSUR_Web_Compromiso-12.png 709w, https:\/\/fundacioncajaruraldelsur.com\/wp-content\/uploads\/2026\/01\/FCRSUR_Web_Compromiso-12-300x159.png 300w, https:\/\/fundacioncajaruraldelsur.com\/wp-content\/uploads\/2026\/01\/FCRSUR_Web_Compromiso-12-18x10.png 18w\" sizes=\"auto, (max-width: 709px) 100vw, 709px\" \/><\/a>\n\t\t<\/figure>\n\t<\/div>\n\n\t<div class=\"wpb_text_column wpb_content_element wpb_animate_when_almost_visible wpb_appear appear\" >\n\t\t<div class=\"wpb_wrapper\">\n\t\t\t<h4 style=\"text-align: center;\">Labor\u00a0Cultural<\/h4>\n\n\t\t<\/div>\n\t<\/div>\n<\/div><\/div><\/div><div class=\"wpb_column vc_column_container vc_col-sm-3\"><div class=\"vc_column-inner\"><div class=\"wpb_wrapper\">\n\t<div  class=\"wpb_single_image wpb_content_element vc_align_center wpb_content_element wpb_animate_when_almost_visible wpb_appear appear\">\n\t\t\n\t\t<figure class=\"wpb_wrapper vc_figure\">\n\t\t\t<a href=\"\/pt\/labor-agroalimentaria\/\" target=\"_self\" class=\"vc_single_image-wrapper   vc_box_border_grey\"><img loading=\"lazy\" decoding=\"async\" width=\"709\" height=\"375\" src=\"https:\/\/fundacioncajaruraldelsur.com\/wp-content\/uploads\/2026\/01\/FCRSUR_Web_Compromiso-11.png\" class=\"vc_single_image-img attachment-full\" alt=\"\" title=\"FCRSUR_Web_Compromiso-11\" srcset=\"https:\/\/fundacioncajaruraldelsur.com\/wp-content\/uploads\/2026\/01\/FCRSUR_Web_Compromiso-11.png 709w, https:\/\/fundacioncajaruraldelsur.com\/wp-content\/uploads\/2026\/01\/FCRSUR_Web_Compromiso-11-300x159.png 300w, https:\/\/fundacioncajaruraldelsur.com\/wp-content\/uploads\/2026\/01\/FCRSUR_Web_Compromiso-11-18x10.png 18w\" sizes=\"auto, (max-width: 709px) 100vw, 709px\" \/><\/a>\n\t\t<\/figure>\n\t<\/div>\n\n\t<div class=\"wpb_text_column wpb_content_element wpb_animate_when_almost_visible wpb_appear appear\" >\n\t\t<div class=\"wpb_wrapper\">\n\t\t\t<h4 style=\"text-align: center;\">Labor<br \/>\nAgroalimentaria<\/h4>\n\n\t\t<\/div>\n\t<\/div>\n<\/div><\/div><\/div><div class=\"wpb_column vc_column_container vc_col-sm-3\"><div class=\"vc_column-inner\"><div class=\"wpb_wrapper\">\n\t<div  class=\"wpb_single_image wpb_content_element vc_align_center wpb_content_element wpb_animate_when_almost_visible wpb_appear appear\">\n\t\t\n\t\t<figure class=\"wpb_wrapper vc_figure\">\n\t\t\t<a href=\"\/pt\/publicaciones\/\" target=\"_self\" class=\"vc_single_image-wrapper   vc_box_border_grey\"><img loading=\"lazy\" decoding=\"async\" width=\"709\" height=\"375\" src=\"https:\/\/fundacioncajaruraldelsur.com\/wp-content\/uploads\/2026\/01\/FCRSUR_Web_Compromiso-15.png\" class=\"vc_single_image-img attachment-full\" alt=\"\" title=\"FCRSUR_Web_Compromiso-15\" srcset=\"https:\/\/fundacioncajaruraldelsur.com\/wp-content\/uploads\/2026\/01\/FCRSUR_Web_Compromiso-15.png 709w, https:\/\/fundacioncajaruraldelsur.com\/wp-content\/uploads\/2026\/01\/FCRSUR_Web_Compromiso-15-300x159.png 300w, https:\/\/fundacioncajaruraldelsur.com\/wp-content\/uploads\/2026\/01\/FCRSUR_Web_Compromiso-15-18x10.png 18w\" sizes=\"auto, (max-width: 709px) 100vw, 709px\" \/><\/a>\n\t\t<\/figure>\n\t<\/div>\n\n\t<div class=\"wpb_text_column wpb_content_element wpb_animate_when_almost_visible wpb_appear appear\" >\n\t\t<div class=\"wpb_wrapper\">\n\t\t\t<h4 style=\"text-align: center;\">Publica\u00e7\u00f5es<\/h4>\n\n\t\t<\/div>\n\t<\/div>\n<\/div><\/div><\/div><\/div><div class=\"vc_row wpb_row vc_row-fluid\"><div class=\"wpb_column vc_column_container vc_col-sm-12\"><div class=\"vc_column-inner\"><div class=\"wpb_wrapper\">\n\t<div  class=\"wpb_single_image wpb_content_element vc_align_left wpb_content_element\">\n\t\t\n\t\t<figure class=\"wpb_wrapper vc_figure\">\n\t\t\t<div class=\"vc_single_image-wrapper   vc_box_border_grey\"><img loading=\"lazy\" decoding=\"async\" width=\"2166\" height=\"867\" src=\"https:\/\/fundacioncajaruraldelsur.com\/wp-content\/uploads\/2026\/01\/FCRSUR_Web_Compromiso-16.png\" class=\"vc_single_image-img attachment-full\" alt=\"\" title=\"FCRSUR_Web_Compromiso-16\" srcset=\"https:\/\/fundacioncajaruraldelsur.com\/wp-content\/uploads\/2026\/01\/FCRSUR_Web_Compromiso-16.png 2166w, https:\/\/fundacioncajaruraldelsur.com\/wp-content\/uploads\/2026\/01\/FCRSUR_Web_Compromiso-16-300x120.png 300w, https:\/\/fundacioncajaruraldelsur.com\/wp-content\/uploads\/2026\/01\/FCRSUR_Web_Compromiso-16-1024x410.png 1024w, https:\/\/fundacioncajaruraldelsur.com\/wp-content\/uploads\/2026\/01\/FCRSUR_Web_Compromiso-16-768x307.png 768w, https:\/\/fundacioncajaruraldelsur.com\/wp-content\/uploads\/2026\/01\/FCRSUR_Web_Compromiso-16-1536x615.png 1536w, https:\/\/fundacioncajaruraldelsur.com\/wp-content\/uploads\/2026\/01\/FCRSUR_Web_Compromiso-16-2048x820.png 2048w, https:\/\/fundacioncajaruraldelsur.com\/wp-content\/uploads\/2026\/01\/FCRSUR_Web_Compromiso-16-18x7.png 18w\" sizes=\"auto, (max-width: 2166px) 100vw, 2166px\" \/><\/div>\n\t\t<\/figure>\n\t<\/div>\n<\/div><\/div><\/div><\/div>\n<\/div>","protected":false},"excerpt":{"rendered":"La Fundaci\u00f3n Caja Rural bien por iniciativa propia o en colaboraci\u00f3n con las \u00a0Universidades, mediante la firma de los correspondientes convenios institucionales, proceder\u00e1 a la convocatoria puntual de toda una [...]","protected":false},"author":4,"featured_media":0,"parent":0,"menu_order":0,"comment_status":"closed","ping_status":"closed","template":"page_fullwidth_notitle.php","meta":{"footnotes":""},"class_list":["post-2464","page","type-page","status-publish","hentry"],"yoast_head":"<!-- This site is optimized with the Yoast SEO plugin v27.3 - https:\/\/yoast.com\/product\/yoast-seo-wordpress\/ -->\n<title>LABOR CIENT\u00cdFICA E INVESTIGACI\u00d3N<\/title>\n<meta name=\"description\" content=\"LABOR CIENT\u00cdFICA E INVESTIGACI\u00d3N\" \/>\n<meta name=\"robots\" content=\"index, follow, max-snippet:-1, max-image-preview:large, max-video-preview:-1\" \/>\n<link rel=\"canonical\" href=\"https:\/\/fundacioncajaruraldelsur.com\/pt\/labor-cientifica-e-investigacion\/\" \/>\n<meta property=\"og:locale\" content=\"pt_PT\" \/>\n<meta property=\"og:type\" content=\"article\" \/>\n<meta property=\"og:title\" content=\"LABOR CIENT\u00cdFICA E INVESTIGACI\u00d3N\" \/>\n<meta property=\"og:description\" content=\"LABOR CIENT\u00cdFICA E INVESTIGACI\u00d3N\" \/>\n<meta property=\"og:url\" content=\"https:\/\/fundacioncajaruraldelsur.com\/pt\/labor-cientifica-e-investigacion\/\" \/>\n<meta property=\"og:site_name\" content=\"Fundaci\u00f3n Caja Rural del Sur\" \/>\n<meta property=\"article:modified_time\" content=\"2026-02-09T17:21:10+00:00\" \/>\n<meta name=\"twitter:card\" content=\"summary_large_image\" \/>\n<meta name=\"twitter:label1\" content=\"Est. reading time\" \/>\n\t<meta name=\"twitter:data1\" content=\"1 minute\" \/>\n<script type=\"application\/ld+json\" class=\"yoast-schema-graph\">{\"@context\":\"https:\\\/\\\/schema.org\",\"@graph\":[{\"@type\":\"WebPage\",\"@id\":\"https:\\\/\\\/fundacioncajaruraldelsur.com\\\/labor-cientifica-e-investigacion\\\/\",\"url\":\"https:\\\/\\\/fundacioncajaruraldelsur.com\\\/labor-cientifica-e-investigacion\\\/\",\"name\":\"LABOR CIENT\u00cdFICA E INVESTIGACI\u00d3N\",\"isPartOf\":{\"@id\":\"https:\\\/\\\/fundacioncajaruraldelsur.com\\\/#website\"},\"datePublished\":\"2015-04-20T16:36:52+00:00\",\"dateModified\":\"2026-02-09T17:21:10+00:00\",\"description\":\"LABOR CIENT\u00cdFICA E INVESTIGACI\u00d3N\",\"breadcrumb\":{\"@id\":\"https:\\\/\\\/fundacioncajaruraldelsur.com\\\/labor-cientifica-e-investigacion\\\/#breadcrumb\"},\"inLanguage\":\"pt-PT\",\"potentialAction\":[{\"@type\":\"ReadAction\",\"target\":[\"https:\\\/\\\/fundacioncajaruraldelsur.com\\\/labor-cientifica-e-investigacion\\\/\"]}]},{\"@type\":\"BreadcrumbList\",\"@id\":\"https:\\\/\\\/fundacioncajaruraldelsur.com\\\/labor-cientifica-e-investigacion\\\/#breadcrumb\",\"itemListElement\":[{\"@type\":\"ListItem\",\"position\":1,\"name\":\"Portada\",\"item\":\"https:\\\/\\\/fundacioncajaruraldelsur.com\\\/\"},{\"@type\":\"ListItem\",\"position\":2,\"name\":\"LABOR CIENT\u00cdFICA E INVESTIGACI\u00d3N\"}]},{\"@type\":\"WebSite\",\"@id\":\"https:\\\/\\\/fundacioncajaruraldelsur.com\\\/#website\",\"url\":\"https:\\\/\\\/fundacioncajaruraldelsur.com\\\/\",\"name\":\"Fundaci\u00f3n Caja Rural del Sur\",\"description\":\"\",\"potentialAction\":[{\"@type\":\"SearchAction\",\"target\":{\"@type\":\"EntryPoint\",\"urlTemplate\":\"https:\\\/\\\/fundacioncajaruraldelsur.com\\\/?s={search_term_string}\"},\"query-input\":{\"@type\":\"PropertyValueSpecification\",\"valueRequired\":true,\"valueName\":\"search_term_string\"}}],\"inLanguage\":\"pt-PT\"}]}<\/script>\n<!-- \/ Yoast SEO plugin. -->","yoast_head_json":{"title":"Trabalho Cient\u00edfico e Investiga\u00e7\u00e3o","description":"Trabalho Cient\u00edfico e Investiga\u00e7\u00e3o","robots":{"index":"index","follow":"follow","max-snippet":"max-snippet:-1","max-image-preview":"max-image-preview:large","max-video-preview":"max-video-preview:-1"},"canonical":"https:\/\/fundacioncajaruraldelsur.com\/pt\/labor-cientifica-e-investigacion\/","og_locale":"pt_PT","og_type":"article","og_title":"LABOR CIENT\u00cdFICA E INVESTIGACI\u00d3N","og_description":"LABOR CIENT\u00cdFICA E INVESTIGACI\u00d3N","og_url":"https:\/\/fundacioncajaruraldelsur.com\/pt\/labor-cientifica-e-investigacion\/","og_site_name":"Fundaci\u00f3n Caja Rural del Sur","article_modified_time":"2026-02-09T17:21:10+00:00","twitter_card":"summary_large_image","twitter_misc":{"Est. reading time":"1 minute"},"schema":{"@context":"https:\/\/schema.org","@graph":[{"@type":"WebPage","@id":"https:\/\/fundacioncajaruraldelsur.com\/labor-cientifica-e-investigacion\/","url":"https:\/\/fundacioncajaruraldelsur.com\/labor-cientifica-e-investigacion\/","name":"Trabalho Cient\u00edfico e Investiga\u00e7\u00e3o","isPartOf":{"@id":"https:\/\/fundacioncajaruraldelsur.com\/#website"},"datePublished":"2015-04-20T16:36:52+00:00","dateModified":"2026-02-09T17:21:10+00:00","description":"Trabalho Cient\u00edfico e Investiga\u00e7\u00e3o","breadcrumb":{"@id":"https:\/\/fundacioncajaruraldelsur.com\/labor-cientifica-e-investigacion\/#breadcrumb"},"inLanguage":"pt-PT","potentialAction":[{"@type":"ReadAction","target":["https:\/\/fundacioncajaruraldelsur.com\/labor-cientifica-e-investigacion\/"]}]},{"@type":"BreadcrumbList","@id":"https:\/\/fundacioncajaruraldelsur.com\/labor-cientifica-e-investigacion\/#breadcrumb","itemListElement":[{"@type":"ListItem","position":1,"name":"Portada","item":"https:\/\/fundacioncajaruraldelsur.com\/"},{"@type":"ListItem","position":2,"name":"LABOR CIENT\u00cdFICA E INVESTIGACI\u00d3N"}]},{"@type":"WebSite","@id":"https:\/\/fundacioncajaruraldelsur.com\/#website","url":"https:\/\/fundacioncajaruraldelsur.com\/","name":"Funda\u00e7\u00e3o Caja Rural del Sur","description":"","potentialAction":[{"@type":"SearchAction","target":{"@type":"EntryPoint","urlTemplate":"https:\/\/fundacioncajaruraldelsur.com\/?s={search_term_string}"},"query-input":{"@type":"PropertyValueSpecification","valueRequired":true,"valueName":"search_term_string"}}],"inLanguage":"pt-PT"}]}},"rttpg_featured_image_url":null,"rttpg_author":{"display_name":"Huelvaadmin","author_link":"https:\/\/fundacioncajaruraldelsur.com\/pt\/author\/huelvaadmin\/"},"rttpg_comment":0,"rttpg_category":null,"rttpg_excerpt":null,"_links":{"self":[{"href":"https:\/\/fundacioncajaruraldelsur.com\/pt\/wp-json\/wp\/v2\/pages\/2464","targetHints":{"allow":["GET"]}}],"collection":[{"href":"https:\/\/fundacioncajaruraldelsur.com\/pt\/wp-json\/wp\/v2\/pages"}],"about":[{"href":"https:\/\/fundacioncajaruraldelsur.com\/pt\/wp-json\/wp\/v2\/types\/page"}],"author":[{"embeddable":true,"href":"https:\/\/fundacioncajaruraldelsur.com\/pt\/wp-json\/wp\/v2\/users\/4"}],"replies":[{"embeddable":true,"href":"https:\/\/fundacioncajaruraldelsur.com\/pt\/wp-json\/wp\/v2\/comments?post=2464"}],"version-history":[{"count":20,"href":"https:\/\/fundacioncajaruraldelsur.com\/pt\/wp-json\/wp\/v2\/pages\/2464\/revisions"}],"predecessor-version":[{"id":12372,"href":"https:\/\/fundacioncajaruraldelsur.com\/pt\/wp-json\/wp\/v2\/pages\/2464\/revisions\/12372"}],"wp:attachment":[{"href":"https:\/\/fundacioncajaruraldelsur.com\/pt\/wp-json\/wp\/v2\/media?parent=2464"}],"curies":[{"name":"wp","href":"https:\/\/api.w.org\/{rel}","templated":true}]}}