{"id":2246,"date":"2015-03-13T09:17:20","date_gmt":"2015-03-13T09:17:20","guid":{"rendered":"\/?page_id=2246"},"modified":"2026-03-03T16:59:55","modified_gmt":"2026-03-03T15:59:55","slug":"fundacion-caja-rural-del-sur","status":"publish","type":"page","link":"https:\/\/fundacioncajaruraldelsur.com\/pt\/fundacion-caja-rural-del-sur\/","title":{"rendered":"FUNDA\u00c7\u00c3O CAJA RURAL DEL SUR"},"content":{"rendered":"<div class=\"wpb-content-wrapper\"><div class=\"vc_row wpb_row vc_row-fluid\"><div class=\"wpb_column vc_column_container vc_col-sm-12 vc_hidden-xs\"><div class=\"vc_column-inner\"><div class=\"wpb_wrapper\">\n\t<div  class=\"wpb_single_image wpb_content_element vc_align_center wpb_content_element\">\n\t\t\n\t\t<figure class=\"wpb_wrapper vc_figure\">\n\t\t\t<div class=\"vc_single_image-wrapper   vc_box_border_grey\"><img loading=\"lazy\" decoding=\"async\" width=\"1500\" height=\"640\" src=\"https:\/\/fundacioncajaruraldelsur.com\/wp-content\/uploads\/2026\/02\/FCRSUR_Web_Portugues_AF_Conocenos.jpg\" class=\"vc_single_image-img attachment-full\" alt=\"\" title=\"FCRSUR_Web_Portugues_AF_Conocenos\" \/><\/div>\n\t\t<\/figure>\n\t<\/div>\n<\/div><\/div><\/div><\/div><div class=\"vc_row wpb_row vc_row-fluid\"><div class=\"wpb_column vc_column_container vc_col-sm-12 vc_hidden-lg vc_hidden-md vc_hidden-sm\"><div class=\"vc_column-inner\"><div class=\"wpb_wrapper\">\n\t<div  class=\"wpb_single_image wpb_content_element vc_align_center wpb_content_element vc_custom_1769600820194\">\n\t\t\n\t\t<figure class=\"wpb_wrapper vc_figure\">\n\t\t\t<div class=\"vc_single_image-wrapper   vc_box_border_grey\"><img loading=\"lazy\" decoding=\"async\" width=\"500\" height=\"650\" src=\"https:\/\/fundacioncajaruraldelsur.com\/wp-content\/uploads\/2026\/01\/FCRSUR_Web_Conocenos_Movil.png\" class=\"vc_single_image-img attachment-full\" alt=\"\" title=\"FCRSUR_Web_Conocenos_Movil\" \/><\/div>\n\t\t<\/figure>\n\t<\/div>\n<\/div><\/div><\/div><\/div><div class=\"vc_row wpb_row vc_row-fluid\"><div class=\"wpb_column vc_column_container vc_col-sm-6\"><div class=\"vc_column-inner\"><div class=\"wpb_wrapper\">\n\t<div  class=\"wpb_single_image wpb_content_element vc_align_center wpb_content_element\">\n\t\t\n\t\t<figure class=\"wpb_wrapper vc_figure\">\n\t\t\t<div class=\"vc_single_image-wrapper   vc_box_border_grey\"><img loading=\"lazy\" decoding=\"async\" width=\"1015\" height=\"987\" src=\"https:\/\/fundacioncajaruraldelsur.com\/wp-content\/uploads\/2026\/02\/FCRSUR_Web_Fachada-Fundacion_2.png\" class=\"vc_single_image-img attachment-full\" alt=\"\" title=\"FCRSUR_Web_Fachada Fundacion_2\" \/><\/div>\n\t\t<\/figure>\n\t<\/div>\n<\/div><\/div><\/div><div class=\"wpb_column vc_column_container vc_col-sm-6 vc_col-has-fill\"><div class=\"vc_column-inner vc_custom_1769700539834\"><div class=\"wpb_wrapper\">\n\t<div class=\"wpb_text_column wpb_content_element vc_custom_1769700155384 compromisobox1\" >\n\t\t<div class=\"wpb_wrapper\">\n\t\t\t<p><span style=\"font-size: 22px; text-align: justify; color: #008000;\"><strong>A Funda\u00e7\u00e3o Social e Cultural da Caja Rural del Sur foi constitu\u00edda no dia 29 de outubro de 2002<\/strong><\/span><\/p>\n\n\t\t<\/div>\n\t<\/div>\n\n\t<div class=\"wpb_text_column wpb_content_element\" >\n\t\t<div class=\"wpb_wrapper\">\n\t\t\t<p style=\"text-align: justify;\">atrav\u00e9s de escritura p\u00fablica outorgada pela Caja Rural del Sur, Sociedade Cooperativa de Cr\u00e9dito, perante Not\u00e1rio, em Sevilha. A sede da Funda\u00e7\u00e3o foi estabelecida em Huelva, na rua Plus Ultra, 2.\nA partir desse momento, a Funda\u00e7\u00e3o assumiu fun\u00e7\u00f5es que, at\u00e9 aquela altura, realizava diretamente a Caja Rural del Sur, entidade resultante da fus\u00e3o no ano de 2000 das Caixas Rurais de Huelva e de Sevilha. Fundamentalmente, tratava-se de gerir aquelas atividades de car\u00e1ter n\u00e3o financeiro relacionadas com os aspetos culturais, sociais e, designadamente, de desenvolvimento agr\u00e1rio.<\/p>\n\n\t\t<\/div>\n\t<\/div>\n<\/div><\/div><\/div><\/div><div class=\"vc_row wpb_row vc_row-fluid\"><div class=\"wpb_column vc_column_container vc_col-sm-12\"><div class=\"vc_column-inner\"><div class=\"wpb_wrapper\">\n\t<div class=\"wpb_text_column wpb_content_element\" >\n\t\t<div class=\"wpb_wrapper\">\n\t\t\t<p style=\"text-align: justify;\">O <strong>or\u00e7amento<\/strong> da Funda\u00e7\u00e3o Caja Rural del Sur recebe da Entidade fundadora do Fundo de Educa\u00e7\u00e3o e Promo\u00e7\u00e3o Cooperativa, que oscila entre 20 e 30 % dos lucros obtidos pela Caja Rural del Sur em cada exerc\u00edcio.<br \/>\nA Funda\u00e7\u00e3o Social e Cultural da Caja Rural del Sur tem como <strong>fim<\/strong> de interesse geral a forma\u00e7\u00e3o e educa\u00e7\u00e3o dos s\u00f3cios da Caja Rural del Sur nos princ\u00edpios cooperativos, ou nas mat\u00e9rias espec\u00edficas da sua atividade societ\u00e1ria ou laboral e demais atividades cooperativas, a promo\u00e7\u00e3o das rela\u00e7\u00f5es intercooperativas e a difus\u00e3o do cooperativismo; bem como a promo\u00e7\u00e3o cultural, profissional e assistencial da ambiente local ou da comunidade em geral, a melhoria da qualidade de vida e do desenvolvimento comunit\u00e1rio e as a\u00e7\u00f5es de prote\u00e7\u00e3o ambiental dentro do seu \u00e2mbito de atua\u00e7\u00e3o e, especialmente, em tudo o relacionado com a moderniza\u00e7\u00e3o do setor agr\u00e1rio e o desenvolvimento rural.<\/p>\n<p>Para o cumprimento dos seus fins <strong>Funda\u00e7\u00e3o desenvolve as seguintes atividades<\/strong>diretamente e \/ ou em colabora\u00e7\u00e3o com outras institui\u00e7\u00f5es p\u00fablicas ou privadas:<\/p>\n\n\t\t<\/div>\n\t<\/div>\n<\/div><\/div><\/div><\/div><div class=\"vc_row wpb_row vc_row-fluid\"><div class=\"wpb_column vc_column_container vc_col-sm-6 vc_col-has-fill\"><div class=\"vc_column-inner vc_custom_1769700547250\"><div class=\"wpb_wrapper\">\n\t<div class=\"wpb_text_column wpb_content_element vc_custom_1769700552573 compromisobox2\" >\n\t\t<div class=\"wpb_wrapper\">\n\t\t\t<ul>\n<li><strong>Ajudas<\/strong> a todo o tipo de atividades sociais, culturais, econ\u00f3micas e empresariais que sejam considerados de interesse.<\/li>\n<li><strong>Colabora\u00e7\u00e3o<\/strong> na cria\u00e7\u00e3o de instrumentos que desenvolvam a atividade que constitui o seu alvo.<\/li>\n<li>Realiza\u00e7\u00e3o de <strong>cursos de forma\u00e7\u00e3o e especializa\u00e7\u00e3o<\/strong> para o pessoal e os s\u00f3cios da Caja Rural.<\/li>\n<li><strong>Assessoramento<\/strong> aos s\u00f3cios da Caja Rural del Sur e \u00e0s suas cooperativas associadas.<\/li>\n<li><strong>Colabora\u00e7\u00e3o com institui\u00e7\u00f5es p\u00fablicas e privadas<\/strong> que contribuam para o desenvolvimento da envolvente local, distrital ou regional ou da comunidade em geral.<\/li>\n<li>Concess\u00e3o de <strong>bosas<\/strong> para realizar cursos e forma\u00e7\u00e3o.\n<ul>\n<li>\u00a0\u00a0\u00a0 Atividades museais.<\/li>\n<li>\u00a0\u00a0\u00a0 Atividades cient\u00edficas de pesquisa e sanit\u00e1rias.<\/li>\n<li>\u00a0\u00a0\u00a0 Actividades de inter\u00e9s en el sector agrario<\/li>\n<\/ul>\n<\/li>\n<\/ul>\n\n\t\t<\/div>\n\t<\/div>\n\n\t<div  class=\"wpb_single_image wpb_content_element vc_align_center wpb_content_element vc_custom_1769702221593\">\n\t\t\n\t\t<figure class=\"wpb_wrapper vc_figure\">\n\t\t\t<div class=\"vc_single_image-wrapper   vc_box_border_grey\"><img loading=\"lazy\" decoding=\"async\" width=\"1065\" height=\"983\" src=\"https:\/\/fundacioncajaruraldelsur.com\/wp-content\/uploads\/2026\/01\/FCRSUR_Web_Conocenos-05.png\" class=\"vc_single_image-img attachment-full\" alt=\"\" title=\"FCRSUR_Web_Conocenos-05\" \/><\/div>\n\t\t<\/figure>\n\t<\/div>\n<\/div><\/div><\/div><div class=\"wpb_column vc_column_container vc_col-sm-6\"><div class=\"vc_column-inner\"><div class=\"wpb_wrapper\">\n\t<div  class=\"wpb_single_image wpb_content_element vc_align_center wpb_content_element vc_custom_1770634544915\">\n\t\t\n\t\t<figure class=\"wpb_wrapper vc_figure\">\n\t\t\t<div class=\"vc_single_image-wrapper   vc_box_border_grey\"><img loading=\"lazy\" decoding=\"async\" width=\"981\" height=\"1016\" src=\"https:\/\/fundacioncajaruraldelsur.com\/wp-content\/uploads\/2026\/02\/FCRSUR_Web_Conocenos-02.png\" class=\"vc_single_image-img attachment-full\" alt=\"\" title=\"FCRSUR_Web_Conocenos-02\" \/><\/div>\n\t\t<\/figure>\n\t<\/div>\n\n\t<div class=\"wpb_text_column wpb_content_element\" >\n\t\t<div class=\"wpb_wrapper\">\n\t\t\t<p><span style=\"color: #339966;\"><strong>Na atualidade, a equipa humana da Funda\u00e7\u00e3o est\u00e1 formada por:<\/strong><\/span><\/p>\n<ul>\n<li><strong>Presidente:<\/strong> JOS\u00c9 LUIS GARC\u00cdA-PALACIOS \u00c1LVAREZ<\/li>\n<li class=\"x_MsoNormal\"><strong>Diretor da Funda\u00e7\u00e3o:<\/strong> EMILIO PONCE TORNERO<\/li>\n<li class=\"x_MsoNormal\"><strong>Direcci\u00f3n Financiera<br \/>\ne Rela\u00e7\u00f5es Institucionais:<\/strong> MANUEL RUIZ ROJAS<\/li>\n<li><strong>Controlador Financeiro:<\/strong> CARMEN CORRAL ROMERO<\/li>\n<li><strong>Respons\u00e1vel Comunica\u00e7\u00e3o e Imagem:<\/strong> ROC\u00cdO FAURE ORTIZ<\/li>\n<li class=\"x_MsoNormal\"><strong>Respons\u00e1vel Gest\u00e3o Cultural:<\/strong> M\u00aa LUISA GARC\u00cdA PALACIOS \u00c1LVAREZ<\/li>\n<li class=\"x_MsoNormal\"><strong>Organiza\u00e7\u00e3o \/ Controlo e Administra\u00e7\u00e3o:<\/strong> JAIME DE VICENTE BOSQUE \/ MAR\u00cdA DOLORES MORENO GUERRERO<\/li>\n<li class=\"x_MsoNormal\"><strong>Gest\u00e3o de ajuda:<\/strong>\u00a0MAR\u00cdA DOLORES MORENO GUERRERO<\/li>\n<\/ul>\n\n\t\t<\/div>\n\t<\/div>\n<\/div><\/div><\/div><\/div>\n<\/div>","protected":false},"excerpt":{"rendered":"La Fundaci\u00f3n Social y Cultural de la Caja Rural del Sur fue constituida el 29 de octubre de 2002 en escritura p\u00fablica otorgada por Caja Rural del Sur, Sociedad Cooperativa [...]","protected":false},"author":4,"featured_media":0,"parent":0,"menu_order":0,"comment_status":"closed","ping_status":"closed","template":"page_fullwidth_notitle.php","meta":{"footnotes":""},"class_list":["post-2246","page","type-page","status-publish","hentry"],"yoast_head":"<!-- This site is optimized with the Yoast SEO plugin v24.0 - https:\/\/yoast.com\/wordpress\/plugins\/seo\/ -->\n<title>FUNDACI\u00d3N CAJA RURAL DEL SUR<\/title>\n<meta name=\"description\" content=\"FUNDACI\u00d3N CAJA RURAL DEL SUR\" \/>\n<meta name=\"robots\" content=\"index, follow, max-snippet:-1, max-image-preview:large, max-video-preview:-1\" \/>\n<link rel=\"canonical\" href=\"https:\/\/fundacioncajaruraldelsur.com\/pt\/fundacion-caja-rural-del-sur\/\" \/>\n<meta property=\"og:locale\" content=\"pt_PT\" \/>\n<meta property=\"og:type\" content=\"article\" \/>\n<meta property=\"og:title\" content=\"FUNDACI\u00d3N CAJA RURAL DEL SUR\" \/>\n<meta property=\"og:description\" content=\"FUNDACI\u00d3N CAJA RURAL DEL SUR\" \/>\n<meta property=\"og:url\" content=\"https:\/\/fundacioncajaruraldelsur.com\/pt\/fundacion-caja-rural-del-sur\/\" \/>\n<meta property=\"og:site_name\" content=\"Fundaci\u00f3n Caja Rural del Sur\" \/>\n<meta property=\"article:modified_time\" content=\"2026-03-03T15:59:55+00:00\" \/>\n<meta name=\"twitter:card\" content=\"summary_large_image\" \/>\n<meta name=\"twitter:label1\" content=\"Est. reading time\" \/>\n\t<meta name=\"twitter:data1\" content=\"3 minutes\" \/>\n<script type=\"application\/ld+json\" class=\"yoast-schema-graph\">{\"@context\":\"https:\/\/schema.org\",\"@graph\":[{\"@type\":\"WebPage\",\"@id\":\"https:\/\/fundacioncajaruraldelsur.com\/fundacion-caja-rural-del-sur\/\",\"url\":\"https:\/\/fundacioncajaruraldelsur.com\/fundacion-caja-rural-del-sur\/\",\"name\":\"FUNDACI\u00d3N CAJA RURAL DEL SUR\",\"isPartOf\":{\"@id\":\"https:\/\/fundacioncajaruraldelsur.com\/#website\"},\"datePublished\":\"2015-03-13T09:17:20+00:00\",\"dateModified\":\"2026-03-03T15:59:55+00:00\",\"description\":\"FUNDACI\u00d3N CAJA RURAL DEL SUR\",\"breadcrumb\":{\"@id\":\"https:\/\/fundacioncajaruraldelsur.com\/fundacion-caja-rural-del-sur\/#breadcrumb\"},\"inLanguage\":\"pt-PT\",\"potentialAction\":[{\"@type\":\"ReadAction\",\"target\":[\"https:\/\/fundacioncajaruraldelsur.com\/fundacion-caja-rural-del-sur\/\"]}]},{\"@type\":\"BreadcrumbList\",\"@id\":\"https:\/\/fundacioncajaruraldelsur.com\/fundacion-caja-rural-del-sur\/#breadcrumb\",\"itemListElement\":[{\"@type\":\"ListItem\",\"position\":1,\"name\":\"Portada\",\"item\":\"https:\/\/fundacioncajaruraldelsur.com\/\"},{\"@type\":\"ListItem\",\"position\":2,\"name\":\"FUNDACI\u00d3N CAJA RURAL DEL SUR\"}]},{\"@type\":\"WebSite\",\"@id\":\"https:\/\/fundacioncajaruraldelsur.com\/#website\",\"url\":\"https:\/\/fundacioncajaruraldelsur.com\/\",\"name\":\"Fundaci\u00f3n Caja Rural del Sur\",\"description\":\"\",\"potentialAction\":[{\"@type\":\"SearchAction\",\"target\":{\"@type\":\"EntryPoint\",\"urlTemplate\":\"https:\/\/fundacioncajaruraldelsur.com\/?s={search_term_string}\"},\"query-input\":{\"@type\":\"PropertyValueSpecification\",\"valueRequired\":true,\"valueName\":\"search_term_string\"}}],\"inLanguage\":\"pt-PT\"}]}<\/script>\n<!-- \/ Yoast SEO plugin. -->","yoast_head_json":{"title":"FUNDA\u00c7\u00c3O CAJA RURAL DEL SUR","description":"FUNDA\u00c7\u00c3O CAJA RURAL DEL SUR","robots":{"index":"index","follow":"follow","max-snippet":"max-snippet:-1","max-image-preview":"max-image-preview:large","max-video-preview":"max-video-preview:-1"},"canonical":"https:\/\/fundacioncajaruraldelsur.com\/pt\/fundacion-caja-rural-del-sur\/","og_locale":"pt_PT","og_type":"article","og_title":"FUNDACI\u00d3N CAJA RURAL DEL SUR","og_description":"FUNDACI\u00d3N CAJA RURAL DEL SUR","og_url":"https:\/\/fundacioncajaruraldelsur.com\/pt\/fundacion-caja-rural-del-sur\/","og_site_name":"Fundaci\u00f3n Caja Rural del Sur","article_modified_time":"2026-03-03T15:59:55+00:00","twitter_card":"summary_large_image","twitter_misc":{"Est. reading time":"3 minutes"},"schema":{"@context":"https:\/\/schema.org","@graph":[{"@type":"WebPage","@id":"https:\/\/fundacioncajaruraldelsur.com\/fundacion-caja-rural-del-sur\/","url":"https:\/\/fundacioncajaruraldelsur.com\/fundacion-caja-rural-del-sur\/","name":"FUNDA\u00c7\u00c3O CAJA RURAL DEL SUR","isPartOf":{"@id":"https:\/\/fundacioncajaruraldelsur.com\/#website"},"datePublished":"2015-03-13T09:17:20+00:00","dateModified":"2026-03-03T15:59:55+00:00","description":"FUNDA\u00c7\u00c3O CAJA RURAL DEL SUR","breadcrumb":{"@id":"https:\/\/fundacioncajaruraldelsur.com\/fundacion-caja-rural-del-sur\/#breadcrumb"},"inLanguage":"pt-PT","potentialAction":[{"@type":"ReadAction","target":["https:\/\/fundacioncajaruraldelsur.com\/fundacion-caja-rural-del-sur\/"]}]},{"@type":"BreadcrumbList","@id":"https:\/\/fundacioncajaruraldelsur.com\/fundacion-caja-rural-del-sur\/#breadcrumb","itemListElement":[{"@type":"ListItem","position":1,"name":"Portada","item":"https:\/\/fundacioncajaruraldelsur.com\/"},{"@type":"ListItem","position":2,"name":"FUNDACI\u00d3N CAJA RURAL DEL SUR"}]},{"@type":"WebSite","@id":"https:\/\/fundacioncajaruraldelsur.com\/#website","url":"https:\/\/fundacioncajaruraldelsur.com\/","name":"Funda\u00e7\u00e3o Caja Rural del Sur","description":"","potentialAction":[{"@type":"SearchAction","target":{"@type":"EntryPoint","urlTemplate":"https:\/\/fundacioncajaruraldelsur.com\/?s={search_term_string}"},"query-input":{"@type":"PropertyValueSpecification","valueRequired":true,"valueName":"search_term_string"}}],"inLanguage":"pt-PT"}]}},"rttpg_featured_image_url":null,"rttpg_author":{"display_name":"Huelvaadmin","author_link":"https:\/\/fundacioncajaruraldelsur.com\/pt\/author\/huelvaadmin\/"},"rttpg_comment":0,"rttpg_category":null,"rttpg_excerpt":null,"_links":{"self":[{"href":"https:\/\/fundacioncajaruraldelsur.com\/pt\/wp-json\/wp\/v2\/pages\/2246","targetHints":{"allow":["GET"]}}],"collection":[{"href":"https:\/\/fundacioncajaruraldelsur.com\/pt\/wp-json\/wp\/v2\/pages"}],"about":[{"href":"https:\/\/fundacioncajaruraldelsur.com\/pt\/wp-json\/wp\/v2\/types\/page"}],"author":[{"embeddable":true,"href":"https:\/\/fundacioncajaruraldelsur.com\/pt\/wp-json\/wp\/v2\/users\/4"}],"replies":[{"embeddable":true,"href":"https:\/\/fundacioncajaruraldelsur.com\/pt\/wp-json\/wp\/v2\/comments?post=2246"}],"version-history":[{"count":106,"href":"https:\/\/fundacioncajaruraldelsur.com\/pt\/wp-json\/wp\/v2\/pages\/2246\/revisions"}],"predecessor-version":[{"id":12407,"href":"https:\/\/fundacioncajaruraldelsur.com\/pt\/wp-json\/wp\/v2\/pages\/2246\/revisions\/12407"}],"wp:attachment":[{"href":"https:\/\/fundacioncajaruraldelsur.com\/pt\/wp-json\/wp\/v2\/media?parent=2246"}],"curies":[{"name":"wp","href":"https:\/\/api.w.org\/{rel}","templated":true}]}}