{"id":2005,"date":"2014-12-18T05:50:47","date_gmt":"2014-12-18T05:50:47","guid":{"rendered":"http:\/\/demo.toko.press\/eventica\/?page_id=2"},"modified":"2026-02-09T19:05:41","modified_gmt":"2026-02-09T18:05:41","slug":"responsabilidad-social-corporativa","status":"publish","type":"page","link":"https:\/\/fundacioncajaruraldelsur.com\/pt\/responsabilidad-social-corporativa\/","title":{"rendered":"RESPONSABILIDADE SOCIAL CORPORATIVA"},"content":{"rendered":"<div class=\"wpb-content-wrapper\"><div class=\"vc_row wpb_row vc_row-fluid\"><div class=\"wpb_column vc_column_container vc_col-sm-12\"><div class=\"vc_column-inner\"><div class=\"wpb_wrapper\">\n\t<div  class=\"wpb_single_image wpb_content_element vc_align_left wpb_content_element\">\n\t\t\n\t\t<figure class=\"wpb_wrapper vc_figure\">\n\t\t\t<div class=\"vc_single_image-wrapper   vc_box_border_grey\"><img loading=\"lazy\" decoding=\"async\" width=\"1500\" height=\"640\" src=\"https:\/\/fundacioncajaruraldelsur.com\/wp-content\/uploads\/2026\/02\/FCRSUR_Web_Portugues_AF_Responsabilidad-Social.jpg\" class=\"vc_single_image-img attachment-full\" alt=\"\" title=\"FCRSUR_Web_Portugues_AF_Responsabilidad Social\" \/><\/div>\n\t\t<\/figure>\n\t<\/div>\n<\/div><\/div><\/div><\/div><div class=\"vc_row wpb_row vc_row-fluid\"><div class=\"wpb_column vc_column_container vc_col-sm-6\"><div class=\"vc_column-inner\"><div class=\"wpb_wrapper\">\n\t<div  class=\"wpb_single_image wpb_content_element vc_align_center wpb_content_element\">\n\t\t\n\t\t<figure class=\"wpb_wrapper vc_figure\">\n\t\t\t<div class=\"vc_single_image-wrapper   vc_box_border_grey\"><img loading=\"lazy\" decoding=\"async\" width=\"1015\" height=\"987\" src=\"https:\/\/fundacioncajaruraldelsur.com\/wp-content\/uploads\/2026\/01\/FCRSUR_Web_Responsabilidad-Social-25.png\" class=\"vc_single_image-img attachment-full\" alt=\"\" title=\"FCRSUR_Web_Responsabilidad Social-25\" \/><\/div>\n\t\t<\/figure>\n\t<\/div>\n\n\t<div class=\"wpb_text_column wpb_content_element\" >\n\t\t<div class=\"wpb_wrapper\">\n\t\t\t<p style=\"text-align: justify;\"><span style=\"text-align: justify;\">Colabor\u00e1mos com entidades como FEAPS Huelva, Autismo C\u00e1dis ou Asedown Sevilha, entre outras, financiando postos de trabalho para pessoas com defici\u00eancia na Funda\u00e7\u00e3o Hospital\u00e1ria Ordem de Malta ou Autismo \u00c1nsares de Huelva, removendo as barreiras arquitet\u00f3nicas de 26 das nossas ag\u00eancias ou ajudando os c\u00f4njuges e filhos com defici\u00eancia dos membros da Caja Rural del Sur atrav\u00e9s do programa Plano Fam\u00edlia.<\/span><\/p>\n<p>S\u00e3o atividades de que nos sentimos orgulhosos e queremos que voc\u00ea tamb\u00e9m o fa\u00e7am, por isso, atrav\u00e9s deste portal, iremos informando de todas estas atividades, das quais, nalgumas ocasi\u00f5es, poder\u00e3o fazer parte ativamente.<\/p>\n\n\t\t<\/div>\n\t<\/div>\n<\/div><\/div><\/div><div class=\"wpb_column vc_column_container vc_col-sm-6\"><div class=\"vc_column-inner\"><div class=\"wpb_wrapper\">\n\t<div class=\"wpb_text_column wpb_content_element vc_custom_1770660340171 compromisobox1\" >\n\t\t<div class=\"wpb_wrapper\">\n\t\t\t<p style=\"font-size: 22px; text-align: justify; color: #008000;\"><span style=\"font-size: 22px; text-align: justify; color: #008000;\"><strong>A responsabilidade corporativa<\/strong> \u00e9 definida como a contribui\u00e7\u00e3o ativa e volunt\u00e1ria das empresas para a melhoria social, econ\u00f3mica e ambiental visando o fortalecimento da sua situa\u00e7\u00e3o competitiva.<\/span><\/p>\n\n\t\t<\/div>\n\t<\/div>\n\n\t<div class=\"wpb_text_column wpb_content_element\" >\n\t\t<div class=\"wpb_wrapper\">\n\t\t\t<p style=\"text-align: justify;\"><span style=\"text-align: justify;\"><strong>Caja Rural del Sur<\/strong> concebe-se a si pr\u00f3pria como uma entidade respons\u00e1vel e aposta na aplica\u00e7\u00e3o da sua estrat\u00e9gia de RSC (responsabilidade social corporativa) com impacto direto no seu contexto mais pr\u00f3ximo. Desde h\u00e1 anos, colaboramos com projetos de melhoria de ecossistemas tradicionais andaluzes, como entidade rural, trabalhamos com empresas andaluzas de setores produtivos tradicionais e tentamos melhorar a empregabilidade de pessoas com defici\u00eancia atrav\u00e9s da nossa colabora\u00e7\u00e3o com a Funda\u00e7\u00e3o Adecco:<\/span><\/p>\n\n\t\t<\/div>\n\t<\/div>\n\n\t<div  class=\"wpb_single_image wpb_content_element vc_align_center wpb_content_element\">\n\t\t\n\t\t<figure class=\"wpb_wrapper vc_figure\">\n\t\t\t<div class=\"vc_single_image-wrapper   vc_box_border_grey\"><img loading=\"lazy\" decoding=\"async\" width=\"981\" height=\"856\" src=\"https:\/\/fundacioncajaruraldelsur.com\/wp-content\/uploads\/2026\/01\/FCRSUR_Web_Responsabilidad-Social-26.png\" class=\"vc_single_image-img attachment-full\" alt=\"\" title=\"FCRSUR_Web_Responsabilidad Social-26\" \/><\/div>\n\t\t<\/figure>\n\t<\/div>\n<\/div><\/div><\/div><\/div><div class=\"vc_row wpb_row vc_row-fluid\"><div class=\"wpb_column vc_column_container vc_col-sm-12\"><div class=\"vc_column-inner\"><div class=\"wpb_wrapper\"><div class=\"vc_separator wpb_content_element vc_separator_align_center vc_sep_width_100 vc_sep_pos_align_center vc_separator_no_text vc_sep_color_grey vc_custom_1769445360819 wpb_content_element  vc_custom_1769445360819 wpb_content_element\" ><span class=\"vc_sep_holder vc_sep_holder_l\"><span class=\"vc_sep_line\"><\/span><\/span><span class=\"vc_sep_holder vc_sep_holder_r\"><span class=\"vc_sep_line\"><\/span><\/span>\n<\/div><\/div><\/div><\/div><\/div>\n<\/div>","protected":false},"excerpt":{"rendered":"Hemos colaborado con entidades como FEAPS Huelva, Autismo C\u00e1diz o Asedown Sevilla entre otras; financiado puestos de trabajo para personas con discapacidad en la Fundaci\u00f3n Hospitalaria Orden de Malta o [...]","protected":false},"author":4,"featured_media":0,"parent":0,"menu_order":0,"comment_status":"closed","ping_status":"closed","template":"page_fullwidth_notitle.php","meta":{"footnotes":""},"class_list":["post-2005","page","type-page","status-publish","hentry"],"yoast_head":"<!-- This site is optimized with the Yoast SEO plugin v24.0 - https:\/\/yoast.com\/wordpress\/plugins\/seo\/ -->\n<title>RESPONSABILIDAD SOCIAL CORPORATIVA<\/title>\n<meta name=\"description\" content=\"RESPONSABILIDAD SOCIAL CORPORATIVA\" \/>\n<meta name=\"robots\" content=\"index, follow, max-snippet:-1, max-image-preview:large, max-video-preview:-1\" \/>\n<link rel=\"canonical\" href=\"https:\/\/fundacioncajaruraldelsur.com\/pt\/responsabilidad-social-corporativa\/\" \/>\n<meta property=\"og:locale\" content=\"pt_PT\" \/>\n<meta property=\"og:type\" content=\"article\" \/>\n<meta property=\"og:title\" content=\"RESPONSABILIDAD SOCIAL CORPORATIVA\" \/>\n<meta property=\"og:description\" content=\"RESPONSABILIDAD SOCIAL CORPORATIVA\" \/>\n<meta property=\"og:url\" content=\"https:\/\/fundacioncajaruraldelsur.com\/pt\/responsabilidad-social-corporativa\/\" \/>\n<meta property=\"og:site_name\" content=\"Fundaci\u00f3n Caja Rural del Sur\" \/>\n<meta property=\"article:modified_time\" content=\"2026-02-09T18:05:41+00:00\" \/>\n<meta name=\"twitter:card\" content=\"summary_large_image\" \/>\n<meta name=\"twitter:label1\" content=\"Est. reading time\" \/>\n\t<meta name=\"twitter:data1\" content=\"3 minutes\" \/>\n<script type=\"application\/ld+json\" class=\"yoast-schema-graph\">{\"@context\":\"https:\/\/schema.org\",\"@graph\":[{\"@type\":\"WebPage\",\"@id\":\"https:\/\/fundacioncajaruraldelsur.com\/responsabilidad-social-corporativa\/\",\"url\":\"https:\/\/fundacioncajaruraldelsur.com\/responsabilidad-social-corporativa\/\",\"name\":\"RESPONSABILIDAD SOCIAL CORPORATIVA\",\"isPartOf\":{\"@id\":\"https:\/\/fundacioncajaruraldelsur.com\/#website\"},\"datePublished\":\"2014-12-18T05:50:47+00:00\",\"dateModified\":\"2026-02-09T18:05:41+00:00\",\"description\":\"RESPONSABILIDAD SOCIAL CORPORATIVA\",\"breadcrumb\":{\"@id\":\"https:\/\/fundacioncajaruraldelsur.com\/responsabilidad-social-corporativa\/#breadcrumb\"},\"inLanguage\":\"pt-PT\",\"potentialAction\":[{\"@type\":\"ReadAction\",\"target\":[\"https:\/\/fundacioncajaruraldelsur.com\/responsabilidad-social-corporativa\/\"]}]},{\"@type\":\"BreadcrumbList\",\"@id\":\"https:\/\/fundacioncajaruraldelsur.com\/responsabilidad-social-corporativa\/#breadcrumb\",\"itemListElement\":[{\"@type\":\"ListItem\",\"position\":1,\"name\":\"Portada\",\"item\":\"https:\/\/fundacioncajaruraldelsur.com\/\"},{\"@type\":\"ListItem\",\"position\":2,\"name\":\"RESPONSABILIDAD SOCIAL CORPORATIVA\"}]},{\"@type\":\"WebSite\",\"@id\":\"https:\/\/fundacioncajaruraldelsur.com\/#website\",\"url\":\"https:\/\/fundacioncajaruraldelsur.com\/\",\"name\":\"Fundaci\u00f3n Caja Rural del Sur\",\"description\":\"\",\"potentialAction\":[{\"@type\":\"SearchAction\",\"target\":{\"@type\":\"EntryPoint\",\"urlTemplate\":\"https:\/\/fundacioncajaruraldelsur.com\/?s={search_term_string}\"},\"query-input\":{\"@type\":\"PropertyValueSpecification\",\"valueRequired\":true,\"valueName\":\"search_term_string\"}}],\"inLanguage\":\"pt-PT\"}]}<\/script>\n<!-- \/ Yoast SEO plugin. -->","yoast_head_json":{"title":"RESPONSABILIDADE SOCIAL CORPORATIVA","description":"RESPONSABILIDADE SOCIAL CORPORATIVA","robots":{"index":"index","follow":"follow","max-snippet":"max-snippet:-1","max-image-preview":"max-image-preview:large","max-video-preview":"max-video-preview:-1"},"canonical":"https:\/\/fundacioncajaruraldelsur.com\/pt\/responsabilidad-social-corporativa\/","og_locale":"pt_PT","og_type":"article","og_title":"RESPONSABILIDAD SOCIAL CORPORATIVA","og_description":"RESPONSABILIDAD SOCIAL CORPORATIVA","og_url":"https:\/\/fundacioncajaruraldelsur.com\/pt\/responsabilidad-social-corporativa\/","og_site_name":"Fundaci\u00f3n Caja Rural del Sur","article_modified_time":"2026-02-09T18:05:41+00:00","twitter_card":"summary_large_image","twitter_misc":{"Est. reading time":"3 minutes"},"schema":{"@context":"https:\/\/schema.org","@graph":[{"@type":"WebPage","@id":"https:\/\/fundacioncajaruraldelsur.com\/responsabilidad-social-corporativa\/","url":"https:\/\/fundacioncajaruraldelsur.com\/responsabilidad-social-corporativa\/","name":"RESPONSABILIDADE SOCIAL CORPORATIVA","isPartOf":{"@id":"https:\/\/fundacioncajaruraldelsur.com\/#website"},"datePublished":"2014-12-18T05:50:47+00:00","dateModified":"2026-02-09T18:05:41+00:00","description":"RESPONSABILIDADE SOCIAL CORPORATIVA","breadcrumb":{"@id":"https:\/\/fundacioncajaruraldelsur.com\/responsabilidad-social-corporativa\/#breadcrumb"},"inLanguage":"pt-PT","potentialAction":[{"@type":"ReadAction","target":["https:\/\/fundacioncajaruraldelsur.com\/responsabilidad-social-corporativa\/"]}]},{"@type":"BreadcrumbList","@id":"https:\/\/fundacioncajaruraldelsur.com\/responsabilidad-social-corporativa\/#breadcrumb","itemListElement":[{"@type":"ListItem","position":1,"name":"Portada","item":"https:\/\/fundacioncajaruraldelsur.com\/"},{"@type":"ListItem","position":2,"name":"RESPONSABILIDAD SOCIAL CORPORATIVA"}]},{"@type":"WebSite","@id":"https:\/\/fundacioncajaruraldelsur.com\/#website","url":"https:\/\/fundacioncajaruraldelsur.com\/","name":"Funda\u00e7\u00e3o Caja Rural del Sur","description":"","potentialAction":[{"@type":"SearchAction","target":{"@type":"EntryPoint","urlTemplate":"https:\/\/fundacioncajaruraldelsur.com\/?s={search_term_string}"},"query-input":{"@type":"PropertyValueSpecification","valueRequired":true,"valueName":"search_term_string"}}],"inLanguage":"pt-PT"}]}},"rttpg_featured_image_url":null,"rttpg_author":{"display_name":"Huelvaadmin","author_link":"https:\/\/fundacioncajaruraldelsur.com\/pt\/author\/huelvaadmin\/"},"rttpg_comment":0,"rttpg_category":null,"rttpg_excerpt":null,"_links":{"self":[{"href":"https:\/\/fundacioncajaruraldelsur.com\/pt\/wp-json\/wp\/v2\/pages\/2005","targetHints":{"allow":["GET"]}}],"collection":[{"href":"https:\/\/fundacioncajaruraldelsur.com\/pt\/wp-json\/wp\/v2\/pages"}],"about":[{"href":"https:\/\/fundacioncajaruraldelsur.com\/pt\/wp-json\/wp\/v2\/types\/page"}],"author":[{"embeddable":true,"href":"https:\/\/fundacioncajaruraldelsur.com\/pt\/wp-json\/wp\/v2\/users\/4"}],"replies":[{"embeddable":true,"href":"https:\/\/fundacioncajaruraldelsur.com\/pt\/wp-json\/wp\/v2\/comments?post=2005"}],"version-history":[{"count":34,"href":"https:\/\/fundacioncajaruraldelsur.com\/pt\/wp-json\/wp\/v2\/pages\/2005\/revisions"}],"predecessor-version":[{"id":12383,"href":"https:\/\/fundacioncajaruraldelsur.com\/pt\/wp-json\/wp\/v2\/pages\/2005\/revisions\/12383"}],"wp:attachment":[{"href":"https:\/\/fundacioncajaruraldelsur.com\/pt\/wp-json\/wp\/v2\/media?parent=2005"}],"curies":[{"name":"wp","href":"https:\/\/api.w.org\/{rel}","templated":true}]}}